{"id":87,"date":"2025-07-13T19:54:23","date_gmt":"2025-07-13T19:54:23","guid":{"rendered":"https:\/\/investigacionyterritorio.com\/?page_id=87"},"modified":"2025-09-28T15:07:47","modified_gmt":"2025-09-28T15:07:47","slug":"front_page","status":"publish","type":"page","link":"https:\/\/investigacionyterritorio.com\/","title":{"rendered":"Inicio"},"content":{"rendered":"\n\n\n\n\n\n\n\n\n<p class=\"has-text-align-center has-x-large-font-size\"><strong>Nuestros proyectos<\/strong> <strong>de apoyo pedag\u00f3gico y asesor\u00eda<\/strong><\/p>\n\n\n\n<figure class=\"wp-block-image size-full\"><img loading=\"lazy\" decoding=\"async\" width=\"1024\" height=\"683\" src=\"https:\/\/investigacionyterritorio.com\/wp-content\/uploads\/2025\/07\/openverse-5d9585fa-8465-4c90-9f4b-7fdd559ac99d.jpg\" alt=\"\" class=\"wp-image-143\" srcset=\"https:\/\/investigacionyterritorio.com\/wp-content\/uploads\/2025\/07\/openverse-5d9585fa-8465-4c90-9f4b-7fdd559ac99d.jpg 1024w, https:\/\/investigacionyterritorio.com\/wp-content\/uploads\/2025\/07\/openverse-5d9585fa-8465-4c90-9f4b-7fdd559ac99d-300x200.jpg 300w, https:\/\/investigacionyterritorio.com\/wp-content\/uploads\/2025\/07\/openverse-5d9585fa-8465-4c90-9f4b-7fdd559ac99d-768x512.jpg 768w\" sizes=\"(max-width: 1024px) 100vw, 1024px\" \/><\/figure>\n\n\n\n<p>\u2022Mediaci\u00f3n y resoluci\u00f3n de conflictos en las instituciones educativas.<\/p>\n\n\n\n<p>\u2022Mediaci\u00f3n y resoluci\u00f3n de conflictos en los equipos de trabajo.<\/p>\n\n\n\n<p>\u2022Mediaci\u00f3n y actores en las instituciones educativas.<\/p>\n\n\n\n<p>\u2022Influencia y abordaje de las emociones en la ense\u00f1anza y el aprendizaje.<\/p>\n\n\n\n<p>\u2022Implementaci\u00f3n de la perspectiva de g\u00e9nero en la ense\u00f1anza y el aprendizaje.<\/p>\n\n\n\n<p>\u2022Implementaci\u00f3n de experiencias educativas interculturales en la ense\u00f1anza y aprendizaje.<\/p>\n\n\n\n<p>\u2022Potenciando el liderazgo educativo y perspectivas actuales para su desempe\u00f1o.<\/p>\n\n\n\n<p>\u2022Asesor\u00eda para el dise\u00f1o e implementaci\u00f3n de planes de mejoramiento educativo.<\/p>\n\n\n\n<p>\u2022Dise\u00f1o y elaboraci\u00f3n de proyectos educativos institucionales.<\/p>\n\n\n\n<p>\u2022Dise\u00f1o y elaboraci\u00f3n de planificaci\u00f3n estrat\u00e9gica.<\/p>\n\n\n\n<p>\u2022Potenciando el liderazgo educativo en la perspectiva del aprendizaje profundo.<\/p>\n\n\n\n<p>\u2022Evaluando de acuerdo a la exigencias del curr\u00edculum vigente<\/p>\n\n\n\n<p>\u2022Aplicaci\u00f3n de pruebas de aprendizaje en Matem\u00e1ticas, Ciencias y Lenguaje<\/p>\n\n\n\n<p>\u2022Implementaci\u00f3n de estrategias lectoras para el aprendizaje en las trayectorias educativas de las diferentes asignaturas curriculares.<\/p>\n\n\n\n<p>\u2022Acompa\u00f1amiento al aula.<\/p>\n\n\n\n<p>\u2022Aprendizaje basado en proyectos.<\/p>\n\n\n\n<p>\u2022Formulaci\u00f3n de preguntas orales para la retroalimentaci\u00f3n y el logro de los aprendizajes.<\/p>\n\n\n\n<p>\u2022Implementaci\u00f3n de estrategias de aprendizaje para el desarrollo sostenible.<\/p>\n\n\n\n<p>\u2022Implementaci\u00f3n de estrategias de aprendizaje e inclusi\u00f3n en aulas diversas.<\/p>\n\n\n\n<p><\/p>\n\n\n\n<p><\/p>\n\n\n\n\n","protected":false},"excerpt":{"rendered":"<p>Nuestros proyectos de apoyo pedag\u00f3gico y asesor\u00eda \u2022Mediaci\u00f3n y resoluci\u00f3n de conflictos en las instituciones educativas. \u2022Mediaci\u00f3n y resoluci\u00f3n de conflictos en los equipos de trabajo. \u2022Mediaci\u00f3n y actores en las instituciones educativas. \u2022Influencia y abordaje de las emociones en la ense\u00f1anza y el aprendizaje. \u2022Implementaci\u00f3n de la perspectiva de g\u00e9nero en la ense\u00f1anza y [&hellip;]<\/p>\n","protected":false},"author":1,"featured_media":0,"parent":0,"menu_order":0,"comment_status":"closed","ping_status":"closed","template":"","meta":{"saved_in_kubio":true,"footnotes":""},"class_list":["post-87","page","type-page","status-publish","hentry"],"kubio_ai_page_context":{"short_desc":"","purpose":"general"},"_links":{"self":[{"href":"https:\/\/investigacionyterritorio.com\/index.php?rest_route=\/wp\/v2\/pages\/87","targetHints":{"allow":["GET"]}}],"collection":[{"href":"https:\/\/investigacionyterritorio.com\/index.php?rest_route=\/wp\/v2\/pages"}],"about":[{"href":"https:\/\/investigacionyterritorio.com\/index.php?rest_route=\/wp\/v2\/types\/page"}],"author":[{"embeddable":true,"href":"https:\/\/investigacionyterritorio.com\/index.php?rest_route=\/wp\/v2\/users\/1"}],"replies":[{"embeddable":true,"href":"https:\/\/investigacionyterritorio.com\/index.php?rest_route=%2Fwp%2Fv2%2Fcomments&post=87"}],"version-history":[{"count":24,"href":"https:\/\/investigacionyterritorio.com\/index.php?rest_route=\/wp\/v2\/pages\/87\/revisions"}],"predecessor-version":[{"id":197,"href":"https:\/\/investigacionyterritorio.com\/index.php?rest_route=\/wp\/v2\/pages\/87\/revisions\/197"}],"wp:attachment":[{"href":"https:\/\/investigacionyterritorio.com\/index.php?rest_route=%2Fwp%2Fv2%2Fmedia&parent=87"}],"curies":[{"name":"wp","href":"https:\/\/api.w.org\/{rel}","templated":true}]}}